{"id":3298,"date":"2024-02-08T19:55:23","date_gmt":"2024-02-08T18:55:23","guid":{"rendered":"https:\/\/re-designreality.com\/?page_id=3298"},"modified":"2024-04-12T19:52:45","modified_gmt":"2024-04-12T17:52:45","slug":"unternehmen","status":"publish","type":"page","link":"https:\/\/re-designreality.com\/de\/unternehmen\/","title":{"rendered":"Corporate"},"content":{"rendered":"<div data-elementor-type=\"wp-page\" data-elementor-id=\"3298\" class=\"elementor elementor-3298\" data-elementor-post-type=\"page\">\n\t\t\t\t\t\t<section class=\"elementor-section elementor-top-section elementor-element elementor-element-456fb03 elementor-section-height-min-height elementor-section-boxed elementor-section-height-default elementor-section-items-middle\" data-id=\"456fb03\" data-element_type=\"section\" data-e-type=\"section\" data-settings=\"{&quot;background_background&quot;:&quot;classic&quot;}\">\n\t\t\t\t\t\t\t<div class=\"elementor-background-overlay\"><\/div>\n\t\t\t\t\t\t\t<div class=\"elementor-container elementor-column-gap-no\">\n\t\t\t\t\t<div class=\"elementor-column elementor-col-100 elementor-top-column elementor-element elementor-element-8a4357b\" data-id=\"8a4357b\" data-element_type=\"column\" data-e-type=\"column\">\n\t\t\t<div class=\"elementor-widget-wrap elementor-element-populated\">\n\t\t\t\t\t\t<div class=\"elementor-element elementor-element-d0517b7 elementor-widget elementor-widget-heading\" data-id=\"d0517b7\" data-element_type=\"widget\" data-e-type=\"widget\" data-widget_type=\"heading.default\">\n\t\t\t\t<div class=\"elementor-widget-container\">\n\t\t\t\t\t<h1 class=\"elementor-heading-title elementor-size-default\">ADHS-Coaching f\u00fcr Unternehmen<\/h1>\t\t\t\t<\/div>\n\t\t\t\t<\/div>\n\t\t\t\t\t<\/div>\n\t\t<\/div>\n\t\t\t\t\t<\/div>\n\t\t<\/section>\n\t\t\t\t<section class=\"elementor-section elementor-top-section elementor-element elementor-element-c7f397b elementor-section-boxed elementor-section-height-default elementor-section-height-default\" data-id=\"c7f397b\" data-element_type=\"section\" data-e-type=\"section\" data-settings=\"{&quot;background_background&quot;:&quot;classic&quot;}\">\n\t\t\t\t\t\t<div class=\"elementor-container elementor-column-gap-default\">\n\t\t\t\t\t<div class=\"elementor-column elementor-col-100 elementor-top-column elementor-element elementor-element-eec0f28\" data-id=\"eec0f28\" data-element_type=\"column\" data-e-type=\"column\">\n\t\t\t<div class=\"elementor-widget-wrap elementor-element-populated\">\n\t\t\t\t\t\t<div class=\"elementor-element elementor-element-324693e elementor-widget elementor-widget-heading\" data-id=\"324693e\" data-element_type=\"widget\" data-e-type=\"widget\" data-widget_type=\"heading.default\">\n\t\t\t\t<div class=\"elementor-widget-container\">\n\t\t\t\t\t<h2 class=\"elementor-heading-title elementor-size-default\">ADHS-Coaching und Workshops<\/h2>\t\t\t\t<\/div>\n\t\t\t\t<\/div>\n\t\t\t\t<div class=\"elementor-element elementor-element-7cef053 elementor-widget elementor-widget-video\" data-id=\"7cef053\" data-element_type=\"widget\" data-e-type=\"widget\" data-settings=\"{&quot;youtube_url&quot;:&quot;https:\\\/\\\/www.youtube.com\\\/watch?v=A3yRs2MzjGY&quot;,&quot;video_type&quot;:&quot;youtube&quot;,&quot;controls&quot;:&quot;yes&quot;}\" data-widget_type=\"video.default\">\n\t\t\t\t<div class=\"elementor-widget-container\">\n\t\t\t\t\t\t\t<div class=\"elementor-wrapper elementor-open-inline\">\n\t\t\t<div class=\"elementor-video\"><\/div>\t\t<\/div>\n\t\t\t\t\t\t<\/div>\n\t\t\t\t<\/div>\n\t\t\t\t<div class=\"elementor-element elementor-element-00e4f84 elementor-widget elementor-widget-text-editor\" data-id=\"00e4f84\" data-element_type=\"widget\" data-e-type=\"widget\" data-widget_type=\"text-editor.default\">\n\t\t\t\t<div class=\"elementor-widget-container\">\n\t\t\t\t\t\t\t\t\t<p>In Zusammenarbeit mit Unternehmen aller Gr\u00f6\u00dfenordnungen und Firmen,<\/p><p>Ich biete Coaching und Lernen an:<\/p><ol><li><strong>Mitarbeiter und F\u00fchrungskr\u00e4fte mit ADHS<\/strong>\u00a0<\/li><li><strong>Manager, die Folgendes unterst\u00fctzen m\u00f6chten<\/strong> ihre Mitarbeiter und Teammitglieder mit ADHS<\/li><li><strong>Personalabteilung, die verstehen will<\/strong> die Bed\u00fcrfnisse von Menschen mit ADHS f\u00fcr einen integrativen Arbeitsplatz, der die Leistung steigert und die Fluktuation senkt.<\/li><\/ol><p>Meine Coachings und Vortr\u00e4ge umfassen Organisationsstrategien, ergebnisorientierte Denkweisen, Techniken zur Emotionsregulierung und Kommunikationsmethoden.<\/p><p>Ich komme pers\u00f6nlich zu Ihrem Unternehmen und nach Vereinbarung in <strong>Schweiz und Frankreich<\/strong>f\u00fcr <strong>Einzelunterricht,<\/strong>\u00a0<strong>Gruppencoaching<\/strong>,\u00a0<strong>Workshops und Vortr\u00e4ge \u00fcber ADHS<\/strong> um das Thema zu verstehen, <strong>Mitarbeiter mit ADHS unterst\u00fctzen<\/strong>, erstellen <strong>Bewusstsein f\u00fcr Neurodiversit\u00e4t<\/strong>und sei ein<strong>\u00a0integratives berufliches Umfeld<\/strong> die Einzigartigkeit und die Bed\u00fcrfnisse jedes Einzelnen zu ber\u00fccksichtigen, um optimale Produktivit\u00e4t und Lebenserf\u00fcllung zu erreichen.<\/p><p>F\u00fcr die <strong>Rest der Welt<\/strong>Ich f\u00fchre Einzel- und Gruppencoachings sowie Workshops f\u00fcr kleine Gruppen oder ein gr\u00f6\u00dferes Publikum durch. <strong>online!<\/strong><\/p><p>Alle Dienstleistungen werden auf Englisch und\/oder Franz\u00f6sisch angeboten.<\/p><p>F\u00fcr Anfragen kontaktiere mich bitte:\u00a0<a href=\"\/de\/contact@re-designreality.com\/\">contact@re-designreality.com<\/a><\/p>\t\t\t\t\t\t\t\t<\/div>\n\t\t\t\t<\/div>\n\t\t\t\t<div class=\"elementor-element elementor-element-8480066 elementor-align-center uael-mbutton-text-center elementor-widget elementor-widget-global elementor-global-2897 elementor-widget-uael-marketing-button\" data-id=\"8480066\" data-element_type=\"widget\" data-e-type=\"widget\" data-settings=\"{&quot;icon_indent&quot;:{&quot;unit&quot;:&quot;px&quot;,&quot;size&quot;:10,&quot;sizes&quot;:[]},&quot;padding&quot;:{&quot;unit&quot;:&quot;px&quot;,&quot;top&quot;:&quot;15&quot;,&quot;right&quot;:&quot;28&quot;,&quot;bottom&quot;:&quot;15&quot;,&quot;left&quot;:&quot;28&quot;,&quot;isLinked&quot;:false},&quot;title_margin_bottom&quot;:{&quot;unit&quot;:&quot;px&quot;,&quot;size&quot;:11,&quot;sizes&quot;:[]},&quot;icon_size&quot;:{&quot;unit&quot;:&quot;px&quot;,&quot;size&quot;:&quot;&quot;,&quot;sizes&quot;:[]},&quot;icon_size_tablet&quot;:{&quot;unit&quot;:&quot;px&quot;,&quot;size&quot;:&quot;&quot;,&quot;sizes&quot;:[]},&quot;icon_size_mobile&quot;:{&quot;unit&quot;:&quot;px&quot;,&quot;size&quot;:&quot;&quot;,&quot;sizes&quot;:[]},&quot;icon_indent_tablet&quot;:{&quot;unit&quot;:&quot;px&quot;,&quot;size&quot;:&quot;&quot;,&quot;sizes&quot;:[]},&quot;icon_indent_mobile&quot;:{&quot;unit&quot;:&quot;px&quot;,&quot;size&quot;:&quot;&quot;,&quot;sizes&quot;:[]},&quot;align&quot;:&quot;center&quot;,&quot;padding_tablet&quot;:{&quot;unit&quot;:&quot;px&quot;,&quot;top&quot;:&quot;&quot;,&quot;right&quot;:&quot;&quot;,&quot;bottom&quot;:&quot;&quot;,&quot;left&quot;:&quot;&quot;,&quot;isLinked&quot;:true},&quot;padding_mobile&quot;:{&quot;unit&quot;:&quot;px&quot;,&quot;top&quot;:&quot;&quot;,&quot;right&quot;:&quot;&quot;,&quot;bottom&quot;:&quot;&quot;,&quot;left&quot;:&quot;&quot;,&quot;isLinked&quot;:true},&quot;title_margin_bottom_tablet&quot;:{&quot;unit&quot;:&quot;px&quot;,&quot;size&quot;:&quot;&quot;,&quot;sizes&quot;:[]},&quot;title_margin_bottom_mobile&quot;:{&quot;unit&quot;:&quot;px&quot;,&quot;size&quot;:&quot;&quot;,&quot;sizes&quot;:[]}}\" data-widget_type=\"uael-marketing-button.default\">\n\t\t\t\t<div class=\"elementor-widget-container\">\n\t\t\t\t\t\t\t<div class=\"uael-marketing-button elementor-widget-button\">\n\t\t\t<div class=\"uael-button-wrapper\">\n\t\t\t\t<a class=\"elementor-button-link elementor-button elementor-size-sm uael-marketing-buttons-right\" href=\"https:\/\/book.luciepetrelis.com\/\" target=\"_blank\" rel=\"noopener\">\n\t\t\t\t\t\t\t\t\t<span class=\"uael_btn__blink\"><\/span>\n\t\t\t\t\t\t\t\t\t\t\t\t\t<span class=\"uael-marketing-buttons-wrap\">\n\t\t\t<span class=\"elementor-button-content-wrapper uael-buttons-icon-right\">\n\t\t\t\t\t\t\t\t\t\n\t\t\t\t<span class=\"elementor-align-icon-right elementor-button-icon\">\n\n\t\t\t\t\t<i aria-hidden=\"true\" class=\"fa fa-arrow-right\"><\/i>\n\t\t\t\t<\/span>\n\t\t\t\t\t\t\t\t\t\t\t\t\t<span class=\"elementor-button-text uael-marketing-button-title elementor-inline-editing\" data-elementor-setting-key=\"text\" data-elementor-inline-editing-toolbar=\"none\">Termin vereinbaren<\/span>\n\t\t\t<\/span>\n\t\t\t\t\t\t\t<span class=\"uael-marketing-button-desc elementor-inline-editing\" data-elementor-setting-key=\"desc_text\" data-elementor-inline-editing-toolbar=\"none\">Coaching auf Englisch oder Franz\u00f6sisch<\/span>\n\t\t\t\t\t<\/span>\n\t\t\t\t\t\t<\/a>\n\t\t\t<\/div>\n\t\t<\/div>\n\t\t\t\t\t\t<\/div>\n\t\t\t\t<\/div>\n\t\t\t\t<div class=\"elementor-element elementor-element-38505ac elementor-widget elementor-widget-text-editor\" data-id=\"38505ac\" data-element_type=\"widget\" data-e-type=\"widget\" data-widget_type=\"text-editor.default\">\n\t\t\t\t<div class=\"elementor-widget-container\">\n\t\t\t\t\t\t\t\t\t<p>(Abschrift des obigen Videos)<\/p><p>Habt ihr <strong>Mitarbeiter in deinem Unternehmen, von denen du glaubst, dass sie ADHS haben<\/strong> oder du vermutest, dass sie oder er mit ADHS-\u00e4hnlichen Symptomen zu k\u00e4mpfen hat, wie zum Beispiel <strong>Probleme mit der Planung<\/strong>, <strong>Organisation<\/strong>, <strong>Zeitmanagement<\/strong>, <strong>ihr Geist ist \u00fcberall ein bisschen auf jeder Seite<\/strong>. Sie <strong>kann nicht fokussieren<\/strong>. Sie <strong>die Fristen nicht einhalten k\u00f6nnen<\/strong>. Und du kannst auch sehen, wie <strong>kreativ<\/strong> sie sind, wie viel <strong>potenziell<\/strong> sie haben und du diese Mitarbeiter unterst\u00fctzen m\u00f6chtest.<\/p><p>Oder vielleicht bist du ein <strong>Manager<\/strong>Du bist dieser Mitarbeiter mit ADHS und <strong>Du m\u00f6chtest dein Team und auch dich selbst bestm\u00f6glich unterst\u00fctzen k\u00f6nnen<\/strong> eine sehr gute Leistung zu erbringen. Aber du k\u00e4mpfst immer noch mit diesen ADHS-Eigenschaften, von denen du nicht wei\u00dft, wie du sie besser in den Griff bekommen kannst.<\/p><p>Oder du willst einfach nur <strong>besser verstehen, was ADHS bedeutet<\/strong>wie es ist, die <strong>mit ADHS leben<\/strong> und zu <strong>Arbeit mit ADHS<\/strong> So kannst du <strong>mehr Bewusstsein schaffen<\/strong> an deinem Arbeitsplatz und wie du ein Umfeld schaffen kannst, in dem du mehr <strong>inklusive<\/strong>die Bed\u00fcrfnisse jedes Einzelnen zu ber\u00fccksichtigen, denn es gibt unterschiedliche Bed\u00fcrfnisse. Und zwar sowohl f\u00fcr Menschen mit ADHS als auch f\u00fcr Menschen mit anderen Arten von Neurodiversit\u00e4t.<\/p><p>Ich bin f\u00fcr dich da, um dir <strong>praktische Tools<\/strong> und <strong>organisatorische Hilfsmittel<\/strong>aber auch andere Arten von Unterst\u00fctzung, mehr von der <strong>geistiger Aspekt <\/strong>und<strong> der emotionale Aspekt<\/strong> was f\u00fcr deine Teammitglieder und deine Mitarbeiter, die mit ADHS leben, von Vorteil sein k\u00f6nnte.<\/p><p>Was am meisten gebraucht wird, ist <strong>verstehen.<\/strong> was es ist, auch f\u00fcr die Menschen mit ADHS selbst und um zu verstehen <strong>wie sie diese Eigenschaften am besten nutzen k\u00f6nnen<\/strong> f\u00fcr sich selbst und pers\u00f6nlich, aber nat\u00fcrlich auch in ihren <strong>Arbeitsumfeld<\/strong> und wie k\u00f6nnen sie <strong>gedeihen<\/strong>.<\/p><p>Je mehr du \u00fcber ADHS verstehst, desto mehr wirst du sehen, wie jeder in diese Welt passen kann. <strong>Die St\u00e4rken jedes Einzelnen k\u00f6nnen optimal genutzt werden, um dein Unternehmen noch weiter nach oben zu bringen<\/strong>und auch Mitarbeiter in deinem Unternehmen zu haben, die <strong>bl\u00fchende<\/strong>dass sie <strong>stolz<\/strong> von sich selbst, dass sie <strong>gl\u00fccklich<\/strong>f\u00fchlen sie sich <strong>gesehen<\/strong>f\u00fchlen sie sich <strong>geh\u00f6rt<\/strong>f\u00fchlen sie sich <strong>gesch\u00e4tzt<\/strong>f\u00fchlen sie sich <strong>als<\/strong>. Und wei\u00dft du, was sie tun werden? Sie werden all diese Funktionen zur\u00fcckgeben.<\/p><p>Gemeinsam werdet ihr also weiterarbeiten und <strong>das Beste f\u00fcr das Unternehmen aufbauen<\/strong> und auch das Beste f\u00fcr diese kleine Gesellschaft, denn eine Gesellschaft ist eine kleine Gesellschaft. Anstatt sich ausgeschlossen zu f\u00fchlen, werden sie sich n\u00e4her zusammengeh\u00f6rig f\u00fchlen.<\/p><p>Die Arbeit, die zu tun ist, ist nicht sehr gro\u00df, um wirklich <strong>viele Ver\u00e4nderungen bringen<\/strong> und vor allem f\u00fcr die ADHS-Personen, damit sie sich wohlf\u00fchlen, und auch f\u00fcr dich, damit du dich wohlf\u00fchlst, dass die Kommunikation auf die bestm\u00f6gliche Art und Weise funktioniert. <strong>die Ergebnisse k\u00f6nnen wirklich signifikant sein<\/strong>.<\/p><p>Ich kann in dein Unternehmen kommen und anbieten <strong>Workshops<\/strong> \u00fcber Neurodiversit\u00e4t, aber insbesondere \u00fcber <strong>ADHS<\/strong>. Und au\u00dferdem unterst\u00fctze ich gerne <strong>Manager, die Mitarbeiter mit ADHS haben<\/strong> oder <strong>Manager, die selbst ADHS haben<\/strong> oder <strong>jeden Mitarbeiter in einem Einzelcoaching<\/strong> um sie zu unterst\u00fctzen <strong>besser arbeiten<\/strong> jeden einzelnen Tag.<\/p><p>Bitte kontaktiere mich und ich werde mehr als gl\u00fccklich sein, mich mit dir auszutauschen und zu sehen, wie ich dir helfen kann. <strong>dich am besten unterst\u00fctzen<\/strong>.<\/p><p>Ich freue mich auf deine Nachricht!<\/p><p>F\u00fcr Anfragen kontaktiere mich bitte:\u00a0<a href=\"https:\/\/re-designreality.com\/de\/unternehmen\/contact%40re-designreality.com\/\">contact@re-designreality.com<\/a><\/p>\t\t\t\t\t\t\t\t<\/div>\n\t\t\t\t<\/div>\n\t\t\t\t<div class=\"elementor-element elementor-element-f8be2a1 elementor-align-center uael-mbutton-text-center elementor-widget elementor-widget-global elementor-global-2897 elementor-widget-uael-marketing-button\" data-id=\"f8be2a1\" data-element_type=\"widget\" data-e-type=\"widget\" data-settings=\"{&quot;icon_indent&quot;:{&quot;unit&quot;:&quot;px&quot;,&quot;size&quot;:10,&quot;sizes&quot;:[]},&quot;padding&quot;:{&quot;unit&quot;:&quot;px&quot;,&quot;top&quot;:&quot;15&quot;,&quot;right&quot;:&quot;28&quot;,&quot;bottom&quot;:&quot;15&quot;,&quot;left&quot;:&quot;28&quot;,&quot;isLinked&quot;:false},&quot;title_margin_bottom&quot;:{&quot;unit&quot;:&quot;px&quot;,&quot;size&quot;:11,&quot;sizes&quot;:[]},&quot;icon_size&quot;:{&quot;unit&quot;:&quot;px&quot;,&quot;size&quot;:&quot;&quot;,&quot;sizes&quot;:[]},&quot;icon_size_tablet&quot;:{&quot;unit&quot;:&quot;px&quot;,&quot;size&quot;:&quot;&quot;,&quot;sizes&quot;:[]},&quot;icon_size_mobile&quot;:{&quot;unit&quot;:&quot;px&quot;,&quot;size&quot;:&quot;&quot;,&quot;sizes&quot;:[]},&quot;icon_indent_tablet&quot;:{&quot;unit&quot;:&quot;px&quot;,&quot;size&quot;:&quot;&quot;,&quot;sizes&quot;:[]},&quot;icon_indent_mobile&quot;:{&quot;unit&quot;:&quot;px&quot;,&quot;size&quot;:&quot;&quot;,&quot;sizes&quot;:[]},&quot;align&quot;:&quot;center&quot;,&quot;padding_tablet&quot;:{&quot;unit&quot;:&quot;px&quot;,&quot;top&quot;:&quot;&quot;,&quot;right&quot;:&quot;&quot;,&quot;bottom&quot;:&quot;&quot;,&quot;left&quot;:&quot;&quot;,&quot;isLinked&quot;:true},&quot;padding_mobile&quot;:{&quot;unit&quot;:&quot;px&quot;,&quot;top&quot;:&quot;&quot;,&quot;right&quot;:&quot;&quot;,&quot;bottom&quot;:&quot;&quot;,&quot;left&quot;:&quot;&quot;,&quot;isLinked&quot;:true},&quot;title_margin_bottom_tablet&quot;:{&quot;unit&quot;:&quot;px&quot;,&quot;size&quot;:&quot;&quot;,&quot;sizes&quot;:[]},&quot;title_margin_bottom_mobile&quot;:{&quot;unit&quot;:&quot;px&quot;,&quot;size&quot;:&quot;&quot;,&quot;sizes&quot;:[]}}\" data-widget_type=\"uael-marketing-button.default\">\n\t\t\t\t<div class=\"elementor-widget-container\">\n\t\t\t\t\t\t\t<div class=\"uael-marketing-button elementor-widget-button\">\n\t\t\t<div class=\"uael-button-wrapper\">\n\t\t\t\t<a class=\"elementor-button-link elementor-button elementor-size-sm uael-marketing-buttons-right\" href=\"https:\/\/book.luciepetrelis.com\/\" target=\"_blank\" rel=\"noopener\">\n\t\t\t\t\t\t\t\t\t<span class=\"uael_btn__blink\"><\/span>\n\t\t\t\t\t\t\t\t\t\t\t\t\t<span class=\"uael-marketing-buttons-wrap\">\n\t\t\t<span class=\"elementor-button-content-wrapper uael-buttons-icon-right\">\n\t\t\t\t\t\t\t\t\t\n\t\t\t\t<span class=\"elementor-align-icon-right elementor-button-icon\">\n\n\t\t\t\t\t<i aria-hidden=\"true\" class=\"fa fa-arrow-right\"><\/i>\n\t\t\t\t<\/span>\n\t\t\t\t\t\t\t\t\t\t\t\t\t<span class=\"elementor-button-text uael-marketing-button-title elementor-inline-editing\" data-elementor-setting-key=\"text\" data-elementor-inline-editing-toolbar=\"none\">Termin vereinbaren<\/span>\n\t\t\t<\/span>\n\t\t\t\t\t\t\t<span class=\"uael-marketing-button-desc elementor-inline-editing\" data-elementor-setting-key=\"desc_text\" data-elementor-inline-editing-toolbar=\"none\">Coaching auf Englisch oder Franz\u00f6sisch<\/span>\n\t\t\t\t\t<\/span>\n\t\t\t\t\t\t<\/a>\n\t\t\t<\/div>\n\t\t<\/div>\n\t\t\t\t\t\t<\/div>\n\t\t\t\t<\/div>\n\t\t\t\t\t<\/div>\n\t\t<\/div>\n\t\t\t\t\t<\/div>\n\t\t<\/section>\n\t\t\t\t<\/div>","protected":false},"excerpt":{"rendered":"<p>ADHD Coaching For Corporate ADHD coaching and workshops https:\/\/www.youtube.com\/watch?v=A3yRs2MzjGY In collaboration with all sizes of corporate environments and companies, I offer coaching and learning to: Employees and managers with ADHD\u00a0 Managers wishing to support their employees and team members with ADHD Human Resources department wishing to understand the needs of people with ADHD for an [&hellip;]<\/p>\n","protected":false},"author":2,"featured_media":0,"parent":0,"menu_order":0,"comment_status":"closed","ping_status":"closed","template":"","meta":{"site-sidebar-layout":"no-sidebar","site-content-layout":"page-builder","ast-site-content-layout":"default","site-content-style":"default","site-sidebar-style":"default","ast-global-header-display":"","ast-banner-title-visibility":"","ast-main-header-display":"","ast-hfb-above-header-display":"","ast-hfb-below-header-display":"","ast-hfb-mobile-header-display":"","site-post-title":"disabled","ast-breadcrumbs-content":"disabled","ast-featured-img":"disabled","footer-sml-layout":"","ast-disable-related-posts":"","theme-transparent-header-meta":"enabled","adv-header-id-meta":"","stick-header-meta":"","header-above-stick-meta":"","header-main-stick-meta":"","header-below-stick-meta":"","astra-migrate-meta-layouts":"default","ast-page-background-enabled":"default","ast-page-background-meta":{"desktop":{"background-color":"","background-image":"","background-repeat":"repeat","background-position":"center center","background-size":"auto","background-attachment":"scroll","background-type":"","background-media":"","overlay-type":"","overlay-color":"","overlay-opacity":"","overlay-gradient":""},"tablet":{"background-color":"","background-image":"","background-repeat":"repeat","background-position":"center center","background-size":"auto","background-attachment":"scroll","background-type":"","background-media":"","overlay-type":"","overlay-color":"","overlay-opacity":"","overlay-gradient":""},"mobile":{"background-color":"","background-image":"","background-repeat":"repeat","background-position":"center center","background-size":"auto","background-attachment":"scroll","background-type":"","background-media":"","overlay-type":"","overlay-color":"","overlay-opacity":"","overlay-gradient":""}},"ast-content-background-meta":{"desktop":{"background-color":"var(--ast-global-color-5)","background-image":"","background-repeat":"repeat","background-position":"center center","background-size":"auto","background-attachment":"scroll","background-type":"","background-media":"","overlay-type":"","overlay-color":"","overlay-opacity":"","overlay-gradient":""},"tablet":{"background-color":"var(--ast-global-color-5)","background-image":"","background-repeat":"repeat","background-position":"center center","background-size":"auto","background-attachment":"scroll","background-type":"","background-media":"","overlay-type":"","overlay-color":"","overlay-opacity":"","overlay-gradient":""},"mobile":{"background-color":"var(--ast-global-color-5)","background-image":"","background-repeat":"repeat","background-position":"center center","background-size":"auto","background-attachment":"scroll","background-type":"","background-media":"","overlay-type":"","overlay-color":"","overlay-opacity":"","overlay-gradient":""}},"footnotes":""},"class_list":["post-3298","page","type-page","status-publish","hentry"],"_links":{"self":[{"href":"https:\/\/re-designreality.com\/de\/wp-json\/wp\/v2\/pages\/3298","targetHints":{"allow":["GET"]}}],"collection":[{"href":"https:\/\/re-designreality.com\/de\/wp-json\/wp\/v2\/pages"}],"about":[{"href":"https:\/\/re-designreality.com\/de\/wp-json\/wp\/v2\/types\/page"}],"author":[{"embeddable":true,"href":"https:\/\/re-designreality.com\/de\/wp-json\/wp\/v2\/users\/2"}],"replies":[{"embeddable":true,"href":"https:\/\/re-designreality.com\/de\/wp-json\/wp\/v2\/comments?post=3298"}],"version-history":[{"count":52,"href":"https:\/\/re-designreality.com\/de\/wp-json\/wp\/v2\/pages\/3298\/revisions"}],"predecessor-version":[{"id":3412,"href":"https:\/\/re-designreality.com\/de\/wp-json\/wp\/v2\/pages\/3298\/revisions\/3412"}],"wp:attachment":[{"href":"https:\/\/re-designreality.com\/de\/wp-json\/wp\/v2\/media?parent=3298"}],"curies":[{"name":"wp","href":"https:\/\/api.w.org\/{rel}","templated":true}]}}