{"id":2812,"date":"2023-06-11T10:00:19","date_gmt":"2023-06-11T10:00:19","guid":{"rendered":"https:\/\/re-designreality.com\/?page_id=2812"},"modified":"2023-07-14T15:00:03","modified_gmt":"2023-07-14T15:00:03","slug":"liens-utiles","status":"publish","type":"page","link":"https:\/\/re-designreality.com\/fr\/liens-utiles\/","title":{"rendered":"Liens utiles (en anglais)"},"content":{"rendered":"<div data-elementor-type=\"wp-page\" data-elementor-id=\"2812\" class=\"elementor elementor-2812\" data-elementor-post-type=\"page\">\n\t\t\t\t\t\t<section class=\"elementor-section elementor-top-section elementor-element elementor-element-edf4a86 elementor-section-boxed elementor-section-height-default elementor-section-height-default\" data-id=\"edf4a86\" data-element_type=\"section\" data-e-type=\"section\" data-settings=\"{&quot;background_background&quot;:&quot;classic&quot;}\">\n\t\t\t\t\t\t<div class=\"elementor-container elementor-column-gap-default\">\n\t\t\t\t\t<div class=\"elementor-column elementor-col-100 elementor-top-column elementor-element elementor-element-5f3cf93\" data-id=\"5f3cf93\" data-element_type=\"column\" data-e-type=\"column\">\n\t\t\t<div class=\"elementor-widget-wrap elementor-element-populated\">\n\t\t\t\t\t\t<div class=\"elementor-element elementor-element-d749bfb elementor-widget elementor-widget-spacer\" data-id=\"d749bfb\" data-element_type=\"widget\" data-e-type=\"widget\" data-widget_type=\"spacer.default\">\n\t\t\t\t<div class=\"elementor-widget-container\">\n\t\t\t\t\t\t\t<div class=\"elementor-spacer\">\n\t\t\t<div class=\"elementor-spacer-inner\"><\/div>\n\t\t<\/div>\n\t\t\t\t\t\t<\/div>\n\t\t\t\t<\/div>\n\t\t\t\t\t<\/div>\n\t\t<\/div>\n\t\t\t\t\t<\/div>\n\t\t<\/section>\n\t\t\t\t<section class=\"elementor-section elementor-top-section elementor-element elementor-element-fe3eecf elementor-section-boxed elementor-section-height-default elementor-section-height-default\" data-id=\"fe3eecf\" data-element_type=\"section\" data-e-type=\"section\">\n\t\t\t\t\t\t<div class=\"elementor-container elementor-column-gap-default\">\n\t\t\t\t\t<div class=\"elementor-column elementor-col-100 elementor-top-column elementor-element elementor-element-e2b3e15\" data-id=\"e2b3e15\" data-element_type=\"column\" data-e-type=\"column\">\n\t\t\t<div class=\"elementor-widget-wrap elementor-element-populated\">\n\t\t\t\t\t\t<div class=\"elementor-element elementor-element-db1ae8c elementor-widget elementor-widget-text-editor\" data-id=\"db1ae8c\" data-element_type=\"widget\" data-e-type=\"widget\" data-widget_type=\"text-editor.default\">\n\t\t\t\t<div class=\"elementor-widget-container\">\n\t\t\t\t\t\t\t\t\t<p><a href=\"https:\/\/www.adhdfoundation.org.uk\/\" target=\"_blank\" rel=\"noopener\">ADHD Foundation UK<\/a>: Ce site a pour but de fournir un soutien, des ressources et des informations sur le TDAH (trouble d\u00e9ficitaire de l'attention avec hyperactivit\u00e9) et de promouvoir la compr\u00e9hension de cette maladie.<br \/>Avec le soutien financier de Takeda, l'ADHD Foundation a mis au point une brochure tr\u00e8s informative et compil\u00e9e. <strong>GRATUIT<\/strong> disponible en t\u00e9l\u00e9chargement : <span style=\"text-decoration: underline;\"><a href=\"https:\/\/www.adhdfoundation.org.uk\/wp-content\/uploads\/2022\/03\/ADHD_FOUND_Takeda_AdultsBooklet.pdf\" target=\"_blank\" rel=\"noopener\">Le TDAH chez l'adulte : Un guide pour bien vivre avec le TDAH<\/a><\/span>. Il comprend une simple auto-\u00e9valuation du TDAH comme premi\u00e8re indication pour vous permettre de comprendre si vous \u00eates concern\u00e9 par le TDAH ou non.<\/p><p><span style=\"font-style: inherit; font-weight: inherit; color: var(--ast-global-color-3); font-family: -apple-system, BlinkMacSystemFont, 'Segoe UI', Roboto, Oxygen-Sans, Ubuntu, Cantarell, 'Helvetica Neue', sans-serif;\"><a class=\"TWoY9 itht3\" href=\"https:\/\/www.nimh.nih.gov\/\" target=\"_blank\" rel=\"noopener noreferrer\" data-hook=\"linkViewer\">Institut national de la sant\u00e9 mentale (NIMH) :<\/a><\/span><span style=\"font-style: inherit; font-weight: inherit; color: var(--ast-global-color-3); font-family: -apple-system, BlinkMacSystemFont, 'Segoe UI', Roboto, Oxygen-Sans, Ubuntu, Cantarell, 'Helvetica Neue', sans-serif;\"> Le NIMH est une organisation renomm\u00e9e qui m\u00e8ne des recherches sur divers troubles mentaux, dont le TDAH. <\/span><\/p><p><a class=\"TWoY9 itht3\" href=\"https:\/\/add.org\/\" target=\"_blank\" rel=\"noopener noreferrer\" data-hook=\"linkViewer\">Association pour le trouble du d\u00e9ficit de l'attention (ADDA) :<\/a> ADDA est une organisation \u00e0 but non lucratif qui se consacre au soutien, aux ressources et \u00e0 la d\u00e9fense des personnes atteintes de TDAH.<\/p><p><a class=\"TWoY9 itht3\" href=\"https:\/\/www.understood.org\/\" target=\"_blank\" rel=\"noopener noreferrer\" data-hook=\"linkViewer\">Compris :<\/a> Understood est une ressource en ligne compl\u00e8te qui vise \u00e0 soutenir les familles et les personnes ayant des probl\u00e8mes d'apprentissage et d'attention, y compris le TDAH.<\/p><p><a class=\"TWoY9 itht3\" href=\"https:\/\/chadd.org\/\" target=\"_blank\" rel=\"noopener noreferrer\" data-hook=\"linkViewer\">CHADD (Children and Adults with Attention-Deficit\/Hyperactivity Disorder) : <\/a> La CHADD est une organisation nationale \u00e0 but non lucratif qui assure l'\u00e9ducation, la d\u00e9fense et le soutien des personnes atteintes de TDAH.<\/p><p><a class=\"TWoY9 itht3\" href=\"https:\/\/www.additudemag.com\/\" target=\"_blank\" rel=\"noopener noreferrer\" data-hook=\"linkViewer\">ADDitude Magazine :<\/a> ADDitude est une publication de confiance qui se concentre sur le TDAH et les affections connexes.<\/p><p><a href=\"http:\/\/nhs.uk\" target=\"_blank\" rel=\"noopener\">Service national de sant\u00e9 (NHS)<\/a>: Le site web du NHS offre des informations fiables sur le TDAH, y compris les sympt\u00f4mes, le diagnostic, les options de traitement et des conseils pour les parents et les soignants. Il fournit \u00e9galement des liens vers des groupes de soutien et des ressources.<\/p><p><a href=\"https:\/\/www.eunetworkadultadhd.com\/\" target=\"_blank\" rel=\"noopener\">R\u00e9seau europ\u00e9en sur le TDAH chez l'adulte (ENAA)<\/a>: ENAA est un r\u00e9seau de cliniciens et de chercheurs europ\u00e9ens sp\u00e9cialis\u00e9s dans le TDAH chez l'adulte. Son site web fournit des informations sur le diagnostic, le traitement, la recherche et les lignes directrices \u00e0 l'intention des professionnels de la sant\u00e9.<\/p><p><a href=\"http:\/\/adhd-institute.com\" target=\"_blank\" rel=\"noopener\">Institut du TDAH<\/a>: L'Institut du TDAH est une ressource en ligne qui fournit des informations factuelles sur le TDAH. Son site Web propose des documents complets, notamment des modules \u00e9ducatifs, des interviews d'experts et des lignes directrices en mati\u00e8re de traitement.<\/p><p><a href=\"https:\/\/www.drugwatch.com\/\" target=\"_blank\" rel=\"noopener\">Observatoire des drogues<\/a>: Drugwatch.com est une ressource en ligne d\u00e9di\u00e9e \u00e0 la fourniture d'informations compl\u00e8tes et \u00e0 la sensibilisation aux m\u00e9dicaments pharmaceutiques, aux dispositifs m\u00e9dicaux, ainsi qu'\u00e0 la sant\u00e9 et \u00e0 la s\u00e9curit\u00e9 des consommateurs. Informations sur <a href=\"https:\/\/www.drugwatch.com\/mental-health\/adhd\/\" target=\"_blank\" rel=\"noopener\">TDAH<\/a> et <a href=\"https:\/\/www.drugwatch.com\/mental-health\/adhd\/treatment\/\" target=\"_blank\" rel=\"noopener\">Traitements du TDAH<\/a><\/p>\t\t\t\t\t\t\t\t<\/div>\n\t\t\t\t<\/div>\n\t\t\t\t\t<\/div>\n\t\t<\/div>\n\t\t\t\t\t<\/div>\n\t\t<\/section>\n\t\t\t\t<\/div>","protected":false},"excerpt":{"rendered":"<p>ADHD Foundation UK: It is dedicated to providing support, resources, and information related to ADHD (Attention Deficit Hyperactivity Disorder) and promoting understanding of the condition.With the financial support of Takeda, the ADHD Foundation has developed a very informative and compiled FREE booklet available to download: ADHD in adults: A guide for successfully living with ADHD. [&hellip;]<\/p>\n","protected":false},"author":2,"featured_media":0,"parent":0,"menu_order":0,"comment_status":"closed","ping_status":"closed","template":"","meta":{"site-sidebar-layout":"no-sidebar","site-content-layout":"page-builder","ast-site-content-layout":"default","site-content-style":"default","site-sidebar-style":"default","ast-global-header-display":"","ast-banner-title-visibility":"","ast-main-header-display":"","ast-hfb-above-header-display":"","ast-hfb-below-header-display":"","ast-hfb-mobile-header-display":"","site-post-title":"disabled","ast-breadcrumbs-content":"","ast-featured-img":"disabled","footer-sml-layout":"","ast-disable-related-posts":"","theme-transparent-header-meta":"","adv-header-id-meta":"","stick-header-meta":"","header-above-stick-meta":"","header-main-stick-meta":"","header-below-stick-meta":"","astra-migrate-meta-layouts":"default","ast-page-background-enabled":"default","ast-page-background-meta":{"desktop":{"background-color":"","background-image":"","background-repeat":"repeat","background-position":"center center","background-size":"auto","background-attachment":"scroll","background-type":"","background-media":"","overlay-type":"","overlay-color":"","overlay-opacity":"","overlay-gradient":""},"tablet":{"background-color":"","background-image":"","background-repeat":"repeat","background-position":"center center","background-size":"auto","background-attachment":"scroll","background-type":"","background-media":"","overlay-type":"","overlay-color":"","overlay-opacity":"","overlay-gradient":""},"mobile":{"background-color":"","background-image":"","background-repeat":"repeat","background-position":"center center","background-size":"auto","background-attachment":"scroll","background-type":"","background-media":"","overlay-type":"","overlay-color":"","overlay-opacity":"","overlay-gradient":""}},"ast-content-background-meta":{"desktop":{"background-color":"var(--ast-global-color-5)","background-image":"","background-repeat":"repeat","background-position":"center center","background-size":"auto","background-attachment":"scroll","background-type":"","background-media":"","overlay-type":"","overlay-color":"","overlay-opacity":"","overlay-gradient":""},"tablet":{"background-color":"var(--ast-global-color-5)","background-image":"","background-repeat":"repeat","background-position":"center center","background-size":"auto","background-attachment":"scroll","background-type":"","background-media":"","overlay-type":"","overlay-color":"","overlay-opacity":"","overlay-gradient":""},"mobile":{"background-color":"var(--ast-global-color-5)","background-image":"","background-repeat":"repeat","background-position":"center center","background-size":"auto","background-attachment":"scroll","background-type":"","background-media":"","overlay-type":"","overlay-color":"","overlay-opacity":"","overlay-gradient":""}},"footnotes":""},"class_list":["post-2812","page","type-page","status-publish","hentry"],"_links":{"self":[{"href":"https:\/\/re-designreality.com\/fr\/wp-json\/wp\/v2\/pages\/2812","targetHints":{"allow":["GET"]}}],"collection":[{"href":"https:\/\/re-designreality.com\/fr\/wp-json\/wp\/v2\/pages"}],"about":[{"href":"https:\/\/re-designreality.com\/fr\/wp-json\/wp\/v2\/types\/page"}],"author":[{"embeddable":true,"href":"https:\/\/re-designreality.com\/fr\/wp-json\/wp\/v2\/users\/2"}],"replies":[{"embeddable":true,"href":"https:\/\/re-designreality.com\/fr\/wp-json\/wp\/v2\/comments?post=2812"}],"version-history":[{"count":22,"href":"https:\/\/re-designreality.com\/fr\/wp-json\/wp\/v2\/pages\/2812\/revisions"}],"predecessor-version":[{"id":2944,"href":"https:\/\/re-designreality.com\/fr\/wp-json\/wp\/v2\/pages\/2812\/revisions\/2944"}],"wp:attachment":[{"href":"https:\/\/re-designreality.com\/fr\/wp-json\/wp\/v2\/media?parent=2812"}],"curies":[{"name":"wp","href":"https:\/\/api.w.org\/{rel}","templated":true}]}}