{"id":2814,"date":"2023-06-11T09:58:53","date_gmt":"2023-06-11T09:58:53","guid":{"rendered":"https:\/\/re-designreality.com\/?page_id=2814"},"modified":"2023-06-11T10:22:04","modified_gmt":"2023-06-11T10:22:04","slug":"mes-articles","status":"publish","type":"page","link":"https:\/\/re-designreality.com\/fr\/mes-articles\/","title":{"rendered":"Mes articles"},"content":{"rendered":"<div data-elementor-type=\"wp-page\" data-elementor-id=\"2814\" class=\"elementor elementor-2814\" data-elementor-post-type=\"page\">\n\t\t\t\t\t\t<section class=\"elementor-section elementor-top-section elementor-element elementor-element-20aef6b7 elementor-section-boxed elementor-section-height-default elementor-section-height-default\" data-id=\"20aef6b7\" data-element_type=\"section\" data-e-type=\"section\" data-settings=\"{&quot;background_background&quot;:&quot;classic&quot;}\">\n\t\t\t\t\t\t<div class=\"elementor-container elementor-column-gap-default\">\n\t\t\t\t\t<div class=\"elementor-column elementor-col-100 elementor-top-column elementor-element elementor-element-53eb1256\" data-id=\"53eb1256\" data-element_type=\"column\" data-e-type=\"column\">\n\t\t\t<div class=\"elementor-widget-wrap elementor-element-populated\">\n\t\t\t\t\t\t<div class=\"elementor-element elementor-element-6aa250f8 elementor-widget elementor-widget-spacer\" data-id=\"6aa250f8\" data-element_type=\"widget\" data-e-type=\"widget\" data-widget_type=\"spacer.default\">\n\t\t\t\t<div class=\"elementor-widget-container\">\n\t\t\t\t\t\t\t<div class=\"elementor-spacer\">\n\t\t\t<div class=\"elementor-spacer-inner\"><\/div>\n\t\t<\/div>\n\t\t\t\t\t\t<\/div>\n\t\t\t\t<\/div>\n\t\t\t\t<div class=\"elementor-element elementor-element-52839da6 elementor-widget elementor-widget-spacer\" data-id=\"52839da6\" data-element_type=\"widget\" data-e-type=\"widget\" data-widget_type=\"spacer.default\">\n\t\t\t\t<div class=\"elementor-widget-container\">\n\t\t\t\t\t\t\t<div class=\"elementor-spacer\">\n\t\t\t<div class=\"elementor-spacer-inner\"><\/div>\n\t\t<\/div>\n\t\t\t\t\t\t<\/div>\n\t\t\t\t<\/div>\n\t\t\t\t\t<\/div>\n\t\t<\/div>\n\t\t\t\t\t<\/div>\n\t\t<\/section>\n\t\t\t\t<section class=\"elementor-section elementor-top-section elementor-element elementor-element-697662fd elementor-section-boxed elementor-section-height-default elementor-section-height-default\" data-id=\"697662fd\" data-element_type=\"section\" data-e-type=\"section\">\n\t\t\t\t\t\t<div class=\"elementor-container elementor-column-gap-default\">\n\t\t\t\t\t<div class=\"elementor-column elementor-col-100 elementor-top-column elementor-element elementor-element-61d74406\" data-id=\"61d74406\" data-element_type=\"column\" data-e-type=\"column\">\n\t\t\t<div class=\"elementor-widget-wrap elementor-element-populated\">\n\t\t\t\t\t\t<div class=\"elementor-element elementor-element-318f1773 elementor-grid-3 elementor-grid-tablet-2 elementor-grid-mobile-1 elementor-posts--thumbnail-top elementor-card-shadow-yes elementor-posts__hover-gradient elementor-widget elementor-widget-posts\" data-id=\"318f1773\" data-element_type=\"widget\" data-e-type=\"widget\" data-settings=\"{&quot;cards_columns&quot;:&quot;3&quot;,&quot;cards_columns_tablet&quot;:&quot;2&quot;,&quot;cards_columns_mobile&quot;:&quot;1&quot;,&quot;cards_row_gap&quot;:{&quot;unit&quot;:&quot;px&quot;,&quot;size&quot;:35,&quot;sizes&quot;:[]},&quot;cards_row_gap_tablet&quot;:{&quot;unit&quot;:&quot;px&quot;,&quot;size&quot;:&quot;&quot;,&quot;sizes&quot;:[]},&quot;cards_row_gap_mobile&quot;:{&quot;unit&quot;:&quot;px&quot;,&quot;size&quot;:&quot;&quot;,&quot;sizes&quot;:[]}}\" data-widget_type=\"posts.cards\">\n\t\t\t\t<div class=\"elementor-widget-container\">\n\t\t\t\t\t\t\t<div class=\"elementor-posts-container elementor-posts elementor-posts--skin-cards elementor-grid\" role=\"list\">\n\t\t\t\t<article class=\"elementor-post elementor-grid-item post-3394 post type-post status-publish format-standard has-post-thumbnail hentry category-adhd-coaching\" role=\"listitem\">\n\t\t\t<div class=\"elementor-post__card\">\n\t\t\t\t<a class=\"elementor-post__thumbnail__link\" href=\"https:\/\/re-designreality.com\/fr\/coaching-et-soutien-dans-le-domaine-des-troubles-deficitaires-de-lattention-cette-methodologie-me-permet-de-changer-de-vie\/\" tabindex=\"-1\" ><div class=\"elementor-post__thumbnail\"><img fetchpriority=\"high\" decoding=\"async\" width=\"300\" height=\"200\" src=\"https:\/\/re-designreality.com\/wp-content\/uploads\/2024\/02\/Lucie-Petrelis-ADHD-and-MS-coach-300x200.jpg\" class=\"attachment-medium size-medium wp-image-3395\" alt=\"Lucie Petrelis, entra\u00eeneur de l&#039;ADHD\" srcset=\"https:\/\/re-designreality.com\/wp-content\/uploads\/2024\/02\/Lucie-Petrelis-ADHD-and-MS-coach-300x200.jpg 300w, https:\/\/re-designreality.com\/wp-content\/uploads\/2024\/02\/Lucie-Petrelis-ADHD-and-MS-coach-1024x683.jpg 1024w, https:\/\/re-designreality.com\/wp-content\/uploads\/2024\/02\/Lucie-Petrelis-ADHD-and-MS-coach-768x512.jpg 768w, https:\/\/re-designreality.com\/wp-content\/uploads\/2024\/02\/Lucie-Petrelis-ADHD-and-MS-coach-1536x1024.jpg 1536w, https:\/\/re-designreality.com\/wp-content\/uploads\/2024\/02\/Lucie-Petrelis-ADHD-and-MS-coach-2048x1365.jpg 2048w, https:\/\/re-designreality.com\/wp-content\/uploads\/2024\/02\/Lucie-Petrelis-ADHD-and-MS-coach-18x12.jpg 18w\" sizes=\"(max-width: 300px) 100vw, 300px\" \/><\/div><\/a>\n\t\t\t\t<div class=\"elementor-post__text\">\n\t\t\t\t<h3 class=\"elementor-post__title\">\n\t\t\t<a href=\"https:\/\/re-designreality.com\/fr\/coaching-et-soutien-dans-le-domaine-des-troubles-deficitaires-de-lattention-cette-methodologie-me-permet-de-changer-de-vie\/\" >\n\t\t\t\tCoaching et soutien pour le TDAH - Voici ma m\u00e9thodologie qui change la vie.\t\t\t<\/a>\n\t\t<\/h3>\n\t\t\t\t<div class=\"elementor-post__excerpt\">\n\t\t\t<p>Je suis coach pour le TDAH et j'aide les personnes \u00e0 mieux comprendre leurs caract\u00e9ristiques TDAH, \u00e0 se concentrer sur elles-m\u00eames et \u00e0 transformer leur vie d'une mani\u00e8re qui ait du sens pour elles et qui leur permette d'accomplir leurs r\u00eaves. Dans cet article, je pr\u00e9sente ma m\u00e9thodologie de coaching en quatre points clairs. Si vous avez des questions, n'h\u00e9sitez pas \u00e0 me contacter et je serai heureuse d'\u00e9changer avec vous afin que vous puissiez comprendre et d\u00e9cider si le coaching est fait pour vous.<\/p>\n\t\t<\/div>\n\t\t\n\t\t<a class=\"elementor-post__read-more\" href=\"https:\/\/re-designreality.com\/fr\/coaching-et-soutien-dans-le-domaine-des-troubles-deficitaires-de-lattention-cette-methodologie-me-permet-de-changer-de-vie\/\" aria-label=\"En savoir plus sur TDAH coaching and support - This is my life-changing methodology (en anglais seulement)\" tabindex=\"-1\" >\n\t\t\tLire plus \"\t\t<\/a>\n\n\t\t\t\t<\/div>\n\t\t\t\t<div class=\"elementor-post__meta-data\">\n\t\t\t\t\t<span class=\"elementor-post-date\">\n\t\t\t11 f\u00e9vrier 2024\t\t<\/span>\n\t\t\t\t<\/div>\n\t\t\t\t\t<\/div>\n\t\t<\/article>\n\t\t\t\t<article class=\"elementor-post elementor-grid-item post-3372 post type-post status-publish format-standard has-post-thumbnail hentry category-adhd-coaching\" role=\"listitem\">\n\t\t\t<div class=\"elementor-post__card\">\n\t\t\t\t<a class=\"elementor-post__thumbnail__link\" href=\"https:\/\/re-designreality.com\/fr\/coaching-et-soutien-dans-le-domaine-des-troubles-deficitaires-de-lattention\/\" tabindex=\"-1\" ><div class=\"elementor-post__thumbnail\"><img decoding=\"async\" width=\"300\" height=\"200\" src=\"https:\/\/re-designreality.com\/wp-content\/uploads\/2024\/02\/ukzhlkoz1ie-300x200.jpg\" class=\"attachment-medium size-medium wp-image-3379\" alt=\"C&#039;est le signe que vous recherchiez : les enseignes en n\u00e9on\" srcset=\"https:\/\/re-designreality.com\/wp-content\/uploads\/2024\/02\/ukzhlkoz1ie-300x200.jpg 300w, https:\/\/re-designreality.com\/wp-content\/uploads\/2024\/02\/ukzhlkoz1ie-1024x683.jpg 1024w, https:\/\/re-designreality.com\/wp-content\/uploads\/2024\/02\/ukzhlkoz1ie-768x512.jpg 768w, https:\/\/re-designreality.com\/wp-content\/uploads\/2024\/02\/ukzhlkoz1ie-1536x1024.jpg 1536w, https:\/\/re-designreality.com\/wp-content\/uploads\/2024\/02\/ukzhlkoz1ie-18x12.jpg 18w, https:\/\/re-designreality.com\/wp-content\/uploads\/2024\/02\/ukzhlkoz1ie.jpg 1600w\" sizes=\"(max-width: 300px) 100vw, 300px\" \/><\/div><\/a>\n\t\t\t\t<div class=\"elementor-post__text\">\n\t\t\t\t<h3 class=\"elementor-post__title\">\n\t\t\t<a href=\"https:\/\/re-designreality.com\/fr\/coaching-et-soutien-dans-le-domaine-des-troubles-deficitaires-de-lattention\/\" >\n\t\t\t\tLe coaching et le soutien pour le TDAH - Est-ce que c'est pour vous ?\t\t\t<\/a>\n\t\t<\/h3>\n\t\t\t\t<div class=\"elementor-post__excerpt\">\n\t\t\t<p>Si vous vous interrogez sur le coaching TDAH, si cela vous concerne et comment cela pourrait vous aider, ce court article d\u00e9crit ce que je fais en tant que coach pour le TDAH et comment vous pouvez en b\u00e9n\u00e9ficier. Dans tous les cas, si vous avez encore des questions, r\u00e9servez un appel gratuit avec moi et recevez toute la clart\u00e9 dont vous avez besoin.<\/p>\n\t\t<\/div>\n\t\t\n\t\t<a class=\"elementor-post__read-more\" href=\"https:\/\/re-designreality.com\/fr\/coaching-et-soutien-dans-le-domaine-des-troubles-deficitaires-de-lattention\/\" aria-label=\"En savoir plus sur Le coaching et le soutien pour le TDAH - Est-ce pour vous ?\" tabindex=\"-1\" >\n\t\t\tLire plus \"\t\t<\/a>\n\n\t\t\t\t<\/div>\n\t\t\t\t<div class=\"elementor-post__meta-data\">\n\t\t\t\t\t<span class=\"elementor-post-date\">\n\t\t\t11 f\u00e9vrier 2024\t\t<\/span>\n\t\t\t\t<\/div>\n\t\t\t\t\t<\/div>\n\t\t<\/article>\n\t\t\t\t<article class=\"elementor-post elementor-grid-item post-3087 post type-post status-publish format-standard has-post-thumbnail hentry category-brainz-magazine category-adhd-and-productivity tag-time-management-for-adhd\" role=\"listitem\">\n\t\t\t<div class=\"elementor-post__card\">\n\t\t\t\t<a class=\"elementor-post__thumbnail__link\" href=\"https:\/\/re-designreality.com\/fr\/maitriser-la-gestion-du-temps-avec-ladhd\/\" tabindex=\"-1\" ><div class=\"elementor-post__thumbnail\"><img decoding=\"async\" width=\"300\" height=\"200\" src=\"https:\/\/re-designreality.com\/wp-content\/uploads\/2023\/08\/Mastering-time-management-with-ADHD-300x200.jpg\" class=\"attachment-medium size-medium wp-image-3089\" alt=\"\" srcset=\"https:\/\/re-designreality.com\/wp-content\/uploads\/2023\/08\/Mastering-time-management-with-ADHD-300x200.jpg 300w, https:\/\/re-designreality.com\/wp-content\/uploads\/2023\/08\/Mastering-time-management-with-ADHD-1024x683.jpg 1024w, https:\/\/re-designreality.com\/wp-content\/uploads\/2023\/08\/Mastering-time-management-with-ADHD-768x512.jpg 768w, https:\/\/re-designreality.com\/wp-content\/uploads\/2023\/08\/Mastering-time-management-with-ADHD-1536x1024.jpg 1536w, https:\/\/re-designreality.com\/wp-content\/uploads\/2023\/08\/Mastering-time-management-with-ADHD-2048x1365.jpg 2048w\" sizes=\"(max-width: 300px) 100vw, 300px\" \/><\/div><\/a>\n\t\t\t\t<div class=\"elementor-post__text\">\n\t\t\t\t<h3 class=\"elementor-post__title\">\n\t\t\t<a href=\"https:\/\/re-designreality.com\/fr\/maitriser-la-gestion-du-temps-avec-ladhd\/\" >\n\t\t\t\tMa\u00eetriser la gestion du temps avec le TDAH\t\t\t<\/a>\n\t\t<\/h3>\n\t\t\t\t<div class=\"elementor-post__excerpt\">\n\t\t\t<p>D\u00e9couvrez des strat\u00e9gies efficaces de gestion du temps pour le TDAH, y compris le blocage du temps, la mise en place de minuteurs, l'utilisation d'un carnet c\u00e9r\u00e9bral, les outils num\u00e9riques, les objectifs r\u00e9alistes, l'externalisation, le perfectionnisme s\u00e9lectif et les stimulants dopaminergiques. Ces techniques r\u00e9pondent aux d\u00e9fis du TDAH, am\u00e9liorant la productivit\u00e9 et le contr\u00f4le des routines quotidiennes.<\/p>\n\t\t<\/div>\n\t\t\n\t\t<a class=\"elementor-post__read-more\" href=\"https:\/\/re-designreality.com\/fr\/maitriser-la-gestion-du-temps-avec-ladhd\/\" aria-label=\"En savoir plus sur Ma\u00eetriser la gestion du temps avec le TDAH\" tabindex=\"-1\" >\n\t\t\tLire plus \"\t\t<\/a>\n\n\t\t\t\t<\/div>\n\t\t\t\t<div class=\"elementor-post__meta-data\">\n\t\t\t\t\t<span class=\"elementor-post-date\">\n\t\t\t13 ao\u00fbt 2023\t\t<\/span>\n\t\t\t\t<\/div>\n\t\t\t\t\t<\/div>\n\t\t<\/article>\n\t\t\t\t<article class=\"elementor-post elementor-grid-item post-3014 post type-post status-publish format-standard has-post-thumbnail hentry category-brainz-magazine\" role=\"listitem\">\n\t\t\t<div class=\"elementor-post__card\">\n\t\t\t\t<a class=\"elementor-post__thumbnail__link\" href=\"https:\/\/re-designreality.com\/fr\/conseils-pratiques-pour-aider-une-personne-atteinte-de-tdah-a-la-maison-et-au-travail\/\" tabindex=\"-1\" ><div class=\"elementor-post__thumbnail\"><img loading=\"lazy\" decoding=\"async\" width=\"300\" height=\"200\" src=\"https:\/\/re-designreality.com\/wp-content\/uploads\/2023\/08\/Practical-Tips-To-Support-Someone-With-ADHD-At-Home-And-Work-300x200.jpg\" class=\"attachment-medium size-medium wp-image-3015\" alt=\"Conseils pratiques pour soutenir une personne atteinte de TDAH \u00e0 la maison et au travail\" srcset=\"https:\/\/re-designreality.com\/wp-content\/uploads\/2023\/08\/Practical-Tips-To-Support-Someone-With-ADHD-At-Home-And-Work-300x200.jpg 300w, https:\/\/re-designreality.com\/wp-content\/uploads\/2023\/08\/Practical-Tips-To-Support-Someone-With-ADHD-At-Home-And-Work-1024x683.jpg 1024w, https:\/\/re-designreality.com\/wp-content\/uploads\/2023\/08\/Practical-Tips-To-Support-Someone-With-ADHD-At-Home-And-Work-768x512.jpg 768w, https:\/\/re-designreality.com\/wp-content\/uploads\/2023\/08\/Practical-Tips-To-Support-Someone-With-ADHD-At-Home-And-Work-1536x1024.jpg 1536w, https:\/\/re-designreality.com\/wp-content\/uploads\/2023\/08\/Practical-Tips-To-Support-Someone-With-ADHD-At-Home-And-Work-2048x1365.jpg 2048w\" sizes=\"(max-width: 300px) 100vw, 300px\" \/><\/div><\/a>\n\t\t\t\t<div class=\"elementor-post__text\">\n\t\t\t\t<h3 class=\"elementor-post__title\">\n\t\t\t<a href=\"https:\/\/re-designreality.com\/fr\/conseils-pratiques-pour-aider-une-personne-atteinte-de-tdah-a-la-maison-et-au-travail\/\" >\n\t\t\t\tConseils pratiques pour soutenir une personne atteinte de TDAH \u00e0 la maison et au travail\t\t\t<\/a>\n\t\t<\/h3>\n\t\t\t\t<div class=\"elementor-post__excerpt\">\n\t\t\t<p>Apprenez \u00e0 soutenir les personnes atteintes de TDAH \u00e0 la maison et au travail, en relevant des d\u00e9fis tels que la d\u00e9sorganisation, les probl\u00e8mes de concentration, la procrastination, l'impulsivit\u00e9 et l'instabilit\u00e9 \u00e9motionnelle. Les recommandations pratiques comprennent l'organisation des syst\u00e8mes, la r\u00e9duction des distractions, la d\u00e9finition de t\u00e2ches g\u00e9rables et la cr\u00e9ation d'un environnement de compassion pour l'expression et l'\u00e9panouissement \u00e9motionnels.<\/p>\n\t\t<\/div>\n\t\t\n\t\t<a class=\"elementor-post__read-more\" href=\"https:\/\/re-designreality.com\/fr\/conseils-pratiques-pour-aider-une-personne-atteinte-de-tdah-a-la-maison-et-au-travail\/\" aria-label=\"En savoir plus sur Conseils pratiques pour soutenir une personne atteinte de TDAH \u00e0 la maison et au travail\" tabindex=\"-1\" >\n\t\t\tLire plus \"\t\t<\/a>\n\n\t\t\t\t<\/div>\n\t\t\t\t<div class=\"elementor-post__meta-data\">\n\t\t\t\t\t<span class=\"elementor-post-date\">\n\t\t\t6 ao\u00fbt 2023\t\t<\/span>\n\t\t\t\t<\/div>\n\t\t\t\t\t<\/div>\n\t\t<\/article>\n\t\t\t\t<article class=\"elementor-post elementor-grid-item post-3011 post type-post status-publish format-standard has-post-thumbnail hentry category-adhd-and-productivity\" role=\"listitem\">\n\t\t\t<div class=\"elementor-post__card\">\n\t\t\t\t<a class=\"elementor-post__thumbnail__link\" href=\"https:\/\/re-designreality.com\/fr\/le-perfectionnisme-selectif-cle-de-la-productivite-et-de-la-liberte-pour-les-adultes-atteints-de-troubles-deficitaires-de-lattention\/\" tabindex=\"-1\" ><div class=\"elementor-post__thumbnail\"><img loading=\"lazy\" decoding=\"async\" width=\"300\" height=\"213\" src=\"https:\/\/re-designreality.com\/wp-content\/uploads\/2023\/08\/Selective-Perfectionism-A-Key-to-Productivity-and-Freedom-for-Adults-with-ADHD--300x213.png\" class=\"attachment-medium size-medium wp-image-3012\" alt=\"Le perfectionnisme s\u00e9lectif - Une cl\u00e9 pour la productivit\u00e9 et la libert\u00e9 des adultes atteints de TDAH\" srcset=\"https:\/\/re-designreality.com\/wp-content\/uploads\/2023\/08\/Selective-Perfectionism-A-Key-to-Productivity-and-Freedom-for-Adults-with-ADHD--300x213.png 300w, https:\/\/re-designreality.com\/wp-content\/uploads\/2023\/08\/Selective-Perfectionism-A-Key-to-Productivity-and-Freedom-for-Adults-with-ADHD--1024x726.png 1024w, https:\/\/re-designreality.com\/wp-content\/uploads\/2023\/08\/Selective-Perfectionism-A-Key-to-Productivity-and-Freedom-for-Adults-with-ADHD--768x545.png 768w, https:\/\/re-designreality.com\/wp-content\/uploads\/2023\/08\/Selective-Perfectionism-A-Key-to-Productivity-and-Freedom-for-Adults-with-ADHD--1536x1090.png 1536w, https:\/\/re-designreality.com\/wp-content\/uploads\/2023\/08\/Selective-Perfectionism-A-Key-to-Productivity-and-Freedom-for-Adults-with-ADHD-.png 1748w\" sizes=\"(max-width: 300px) 100vw, 300px\" \/><\/div><\/a>\n\t\t\t\t<div class=\"elementor-post__text\">\n\t\t\t\t<h3 class=\"elementor-post__title\">\n\t\t\t<a href=\"https:\/\/re-designreality.com\/fr\/le-perfectionnisme-selectif-cle-de-la-productivite-et-de-la-liberte-pour-les-adultes-atteints-de-troubles-deficitaires-de-lattention\/\" >\n\t\t\t\tLe perfectionnisme s\u00e9lectif : Une cl\u00e9 pour la productivit\u00e9 et la libert\u00e9 des adultes atteints de TDAH\u00a0\t\t\t<\/a>\n\t\t<\/h3>\n\t\t\t\t<div class=\"elementor-post__excerpt\">\n\t\t\t<p>Le perfectionnisme est souvent consid\u00e9r\u00e9 comme un trait de caract\u00e8re souhaitable, associ\u00e9 \u00e0 des normes \u00e9lev\u00e9es et \u00e0 des r\u00e9alisations exceptionnelles. Cependant, pour les personnes atteintes de TDAH, la recherche de la perfection peut devenir une arme \u00e0 double tranchant. Si elle peut conduire \u00e0 l'excellence dans certains domaines, elle peut aussi conduire \u00e0 une r\u00e9flexion excessive, \u00e0 la procrastination et \u00e0 la peur de l'\u00e9chec. C'est l\u00e0 que le concept de<\/p>\n\t\t<\/div>\n\t\t\n\t\t<a class=\"elementor-post__read-more\" href=\"https:\/\/re-designreality.com\/fr\/le-perfectionnisme-selectif-cle-de-la-productivite-et-de-la-liberte-pour-les-adultes-atteints-de-troubles-deficitaires-de-lattention\/\" aria-label=\"En savoir plus sur Selective Perfectionism : Une cl\u00e9 pour la productivit\u00e9 et la libert\u00e9 des adultes atteints de TDAH\u00a0\" tabindex=\"-1\" >\n\t\t\tLire plus \"\t\t<\/a>\n\n\t\t\t\t<\/div>\n\t\t\t\t<div class=\"elementor-post__meta-data\">\n\t\t\t\t\t<span class=\"elementor-post-date\">\n\t\t\t6 ao\u00fbt 2023\t\t<\/span>\n\t\t\t\t<\/div>\n\t\t\t\t\t<\/div>\n\t\t<\/article>\n\t\t\t\t<article class=\"elementor-post elementor-grid-item post-2966 post type-post status-publish format-standard has-post-thumbnail hentry category-adhd-and-productivity category-brainz-magazine\" role=\"listitem\">\n\t\t\t<div class=\"elementor-post__card\">\n\t\t\t\t<a class=\"elementor-post__thumbnail__link\" href=\"https:\/\/re-designreality.com\/fr\/6-strategies-pratiques-pour-sepanouir-avec-le-tdah\/\" tabindex=\"-1\" ><div class=\"elementor-post__thumbnail\"><img loading=\"lazy\" decoding=\"async\" width=\"300\" height=\"240\" src=\"https:\/\/re-designreality.com\/wp-content\/uploads\/2023\/07\/slava-keyzman-ZG4Y6lLPARw-unsplash-300x240.jpg\" class=\"attachment-medium size-medium wp-image-2967\" alt=\"\" srcset=\"https:\/\/re-designreality.com\/wp-content\/uploads\/2023\/07\/slava-keyzman-ZG4Y6lLPARw-unsplash-300x240.jpg 300w, https:\/\/re-designreality.com\/wp-content\/uploads\/2023\/07\/slava-keyzman-ZG4Y6lLPARw-unsplash-1024x819.jpg 1024w, https:\/\/re-designreality.com\/wp-content\/uploads\/2023\/07\/slava-keyzman-ZG4Y6lLPARw-unsplash-768x614.jpg 768w, https:\/\/re-designreality.com\/wp-content\/uploads\/2023\/07\/slava-keyzman-ZG4Y6lLPARw-unsplash-1536x1229.jpg 1536w, https:\/\/re-designreality.com\/wp-content\/uploads\/2023\/07\/slava-keyzman-ZG4Y6lLPARw-unsplash-2048x1638.jpg 2048w\" sizes=\"(max-width: 300px) 100vw, 300px\" \/><\/div><\/a>\n\t\t\t\t<div class=\"elementor-post__text\">\n\t\t\t\t<h3 class=\"elementor-post__title\">\n\t\t\t<a href=\"https:\/\/re-designreality.com\/fr\/6-strategies-pratiques-pour-sepanouir-avec-le-tdah\/\" >\n\t\t\t\t6 strat\u00e9gies pratiques pour s'\u00e9panouir avec le TDAH\t\t\t<\/a>\n\t\t<\/h3>\n\t\t\t\t<div class=\"elementor-post__excerpt\">\n\t\t\t<p>Apprenez six strat\u00e9gies pratiques pour prosp\u00e9rer avec le TDAH, y compris l'organisation du cerveau, la d\u00e9composition des t\u00e2ches, la cr\u00e9ation d'un nid de concentration, la r\u00e9gulation \u00e9motionnelle interne, l'\u00e9tablissement de liens externes solides et la recherche d'un soutien efficace. Ces m\u00e9thodes permettent de g\u00e9rer les sympt\u00f4mes du TDAH, d'am\u00e9liorer la concentration et le bien-\u00eatre g\u00e9n\u00e9ral.<\/p>\n\t\t<\/div>\n\t\t\n\t\t<a class=\"elementor-post__read-more\" href=\"https:\/\/re-designreality.com\/fr\/6-strategies-pratiques-pour-sepanouir-avec-le-tdah\/\" aria-label=\"En savoir plus sur 6 strat\u00e9gies pratiques pour r\u00e9ussir avec le TDAH\" tabindex=\"-1\" >\n\t\t\tLire plus \"\t\t<\/a>\n\n\t\t\t\t<\/div>\n\t\t\t\t<div class=\"elementor-post__meta-data\">\n\t\t\t\t\t<span class=\"elementor-post-date\">\n\t\t\t18 juillet 2023\t\t<\/span>\n\t\t\t\t<\/div>\n\t\t\t\t\t<\/div>\n\t\t<\/article>\n\t\t\t\t<\/div>\n\t\t\n\t\t\t\t\t\t<\/div>\n\t\t\t\t<\/div>\n\t\t\t\t\t<\/div>\n\t\t<\/div>\n\t\t\t\t\t<\/div>\n\t\t<\/section>\n\t\t\t\t<section class=\"elementor-section elementor-top-section elementor-element elementor-element-5a6f3713 elementor-section-boxed elementor-section-height-default elementor-section-height-default\" data-id=\"5a6f3713\" data-element_type=\"section\" data-e-type=\"section\">\n\t\t\t\t\t\t<div class=\"elementor-container elementor-column-gap-default\">\n\t\t\t\t\t<div class=\"elementor-column elementor-col-100 elementor-top-column elementor-element elementor-element-206991c9\" data-id=\"206991c9\" data-element_type=\"column\" data-e-type=\"column\">\n\t\t\t<div class=\"elementor-widget-wrap elementor-element-populated\">\n\t\t\t\t\t\t<div class=\"elementor-element elementor-element-5ce27db6 elementor-widget elementor-widget-spacer\" data-id=\"5ce27db6\" data-element_type=\"widget\" data-e-type=\"widget\" data-widget_type=\"spacer.default\">\n\t\t\t\t<div class=\"elementor-widget-container\">\n\t\t\t\t\t\t\t<div class=\"elementor-spacer\">\n\t\t\t<div class=\"elementor-spacer-inner\"><\/div>\n\t\t<\/div>\n\t\t\t\t\t\t<\/div>\n\t\t\t\t<\/div>\n\t\t\t\t\t<\/div>\n\t\t<\/div>\n\t\t\t\t\t<\/div>\n\t\t<\/section>\n\t\t\t\t<\/div>","protected":false},"excerpt":{"rendered":"","protected":false},"author":2,"featured_media":0,"parent":0,"menu_order":0,"comment_status":"closed","ping_status":"closed","template":"","meta":{"site-sidebar-layout":"right-sidebar","site-content-layout":"page-builder","ast-site-content-layout":"default","site-content-style":"default","site-sidebar-style":"default","ast-global-header-display":"","ast-banner-title-visibility":"","ast-main-header-display":"","ast-hfb-above-header-display":"","ast-hfb-below-header-display":"","ast-hfb-mobile-header-display":"","site-post-title":"disabled","ast-breadcrumbs-content":"","ast-featured-img":"disabled","footer-sml-layout":"","ast-disable-related-posts":"","theme-transparent-header-meta":"","adv-header-id-meta":"","stick-header-meta":"","header-above-stick-meta":"","header-main-stick-meta":"","header-below-stick-meta":"","astra-migrate-meta-layouts":"default","ast-page-background-enabled":"default","ast-page-background-meta":{"desktop":{"background-color":"","background-image":"","background-repeat":"repeat","background-position":"center center","background-size":"auto","background-attachment":"scroll","background-type":"","background-media":"","overlay-type":"","overlay-color":"","overlay-opacity":"","overlay-gradient":""},"tablet":{"background-color":"","background-image":"","background-repeat":"repeat","background-position":"center center","background-size":"auto","background-attachment":"scroll","background-type":"","background-media":"","overlay-type":"","overlay-color":"","overlay-opacity":"","overlay-gradient":""},"mobile":{"background-color":"","background-image":"","background-repeat":"repeat","background-position":"center center","background-size":"auto","background-attachment":"scroll","background-type":"","background-media":"","overlay-type":"","overlay-color":"","overlay-opacity":"","overlay-gradient":""}},"ast-content-background-meta":{"desktop":{"background-color":"var(--ast-global-color-5)","background-image":"","background-repeat":"repeat","background-position":"center center","background-size":"auto","background-attachment":"scroll","background-type":"","background-media":"","overlay-type":"","overlay-color":"","overlay-opacity":"","overlay-gradient":""},"tablet":{"background-color":"var(--ast-global-color-5)","background-image":"","background-repeat":"repeat","background-position":"center center","background-size":"auto","background-attachment":"scroll","background-type":"","background-media":"","overlay-type":"","overlay-color":"","overlay-opacity":"","overlay-gradient":""},"mobile":{"background-color":"var(--ast-global-color-5)","background-image":"","background-repeat":"repeat","background-position":"center center","background-size":"auto","background-attachment":"scroll","background-type":"","background-media":"","overlay-type":"","overlay-color":"","overlay-opacity":"","overlay-gradient":""}},"footnotes":""},"class_list":["post-2814","page","type-page","status-publish","hentry"],"_links":{"self":[{"href":"https:\/\/re-designreality.com\/fr\/wp-json\/wp\/v2\/pages\/2814","targetHints":{"allow":["GET"]}}],"collection":[{"href":"https:\/\/re-designreality.com\/fr\/wp-json\/wp\/v2\/pages"}],"about":[{"href":"https:\/\/re-designreality.com\/fr\/wp-json\/wp\/v2\/types\/page"}],"author":[{"embeddable":true,"href":"https:\/\/re-designreality.com\/fr\/wp-json\/wp\/v2\/users\/2"}],"replies":[{"embeddable":true,"href":"https:\/\/re-designreality.com\/fr\/wp-json\/wp\/v2\/comments?post=2814"}],"version-history":[{"count":10,"href":"https:\/\/re-designreality.com\/fr\/wp-json\/wp\/v2\/pages\/2814\/revisions"}],"predecessor-version":[{"id":2836,"href":"https:\/\/re-designreality.com\/fr\/wp-json\/wp\/v2\/pages\/2814\/revisions\/2836"}],"wp:attachment":[{"href":"https:\/\/re-designreality.com\/fr\/wp-json\/wp\/v2\/media?parent=2814"}],"curies":[{"name":"wp","href":"https:\/\/api.w.org\/{rel}","templated":true}]}}